{"id":33,"date":"2017-10-14T17:55:08","date_gmt":"2017-10-14T17:55:08","guid":{"rendered":"http:\/\/fpasociados.com\/wordpress\/?page_id=33"},"modified":"2017-10-29T19:27:06","modified_gmt":"2017-10-29T18:27:06","slug":"fiscal","status":"publish","type":"page","link":"http:\/\/fpasociados.com\/?page_id=33","title":{"rendered":"FISCAL"},"content":{"rendered":"<ul>\n<li class=\"x_MsoNormal\">Consultor\u00eda, gesti\u00f3n y planificaci\u00f3n fiscal-contable<\/li>\n<li class=\"x_MsoNormal\">Derecho Tributario e Impuestos en general (IVA, Impuesto Sociedades, IRPF)<\/li>\n<li class=\"x_MsoNormal\">Tributaci\u00f3n Auton\u00f3mica y Local<\/li>\n<li class=\"x_MsoNormal\">Procedimientos Tributarios<\/li>\n<li class=\"x_MsoNormal\">Asesoramiento y Asistencia en Inspecciones Tributarias<\/li>\n<li class=\"x_MsoNormal\">Recursos contra la Administraci\u00f3n<\/li>\n<li class=\"x_MsoNormal\">Gestiones diversas (Intrastat, IAE, Censos, Donaciones, Sucesiones\u2026)<\/li>\n<li class=\"x_MsoNormal\">Presentaciones telem\u00e1ticas y recepci\u00f3n de notificaciones electr\u00f3nicas<\/li>\n<\/ul>\n","protected":false},"excerpt":{"rendered":"<p>Consultor\u00eda, gesti\u00f3n y planificaci\u00f3n fiscal-contable Derecho Tributario e Impuestos en general (IVA, Impuesto Sociedades, IRPF) Tributaci\u00f3n Auton\u00f3mica y Local Procedimientos Tributarios Asesoramiento y Asistencia en Inspecciones Tributarias Recursos contra la Administraci\u00f3n Gestiones diversas (Intrastat, IAE, Censos, Donaciones, Sucesiones\u2026) Presentaciones telem\u00e1ticas y recepci\u00f3n de notificaciones electr\u00f3nicas<\/p>\n","protected":false},"author":1,"featured_media":0,"parent":0,"menu_order":0,"comment_status":"closed","ping_status":"closed","template":"","meta":[],"_links":{"self":[{"href":"http:\/\/fpasociados.com\/index.php?rest_route=\/wp\/v2\/pages\/33"}],"collection":[{"href":"http:\/\/fpasociados.com\/index.php?rest_route=\/wp\/v2\/pages"}],"about":[{"href":"http:\/\/fpasociados.com\/index.php?rest_route=\/wp\/v2\/types\/page"}],"author":[{"embeddable":true,"href":"http:\/\/fpasociados.com\/index.php?rest_route=\/wp\/v2\/users\/1"}],"replies":[{"embeddable":true,"href":"http:\/\/fpasociados.com\/index.php?rest_route=%2Fwp%2Fv2%2Fcomments&post=33"}],"version-history":[{"count":5,"href":"http:\/\/fpasociados.com\/index.php?rest_route=\/wp\/v2\/pages\/33\/revisions"}],"predecessor-version":[{"id":152,"href":"http:\/\/fpasociados.com\/index.php?rest_route=\/wp\/v2\/pages\/33\/revisions\/152"}],"wp:attachment":[{"href":"http:\/\/fpasociados.com\/index.php?rest_route=%2Fwp%2Fv2%2Fmedia&parent=33"}],"curies":[{"name":"wp","href":"https:\/\/api.w.org\/{rel}","templated":true}]}}