{"id":35,"date":"2017-10-14T17:55:31","date_gmt":"2017-10-14T17:55:31","guid":{"rendered":"http:\/\/fpasociados.com\/wordpress\/?page_id=35"},"modified":"2017-10-29T19:22:44","modified_gmt":"2017-10-29T18:22:44","slug":"derecho-mercantil","status":"publish","type":"page","link":"http:\/\/fpasociados.com\/?page_id=35","title":{"rendered":"MERCANTIL"},"content":{"rendered":"<ul>\n<li>Constituci\u00f3n de Sociedades, tr\u00e1mites e Impuestos relacionados<\/li>\n<li>Legalizaci\u00f3n y Actualizaci\u00f3n de Sociedades<\/li>\n<li>Compra Venta, absorci\u00f3n y fusi\u00f3n<\/li>\n<li>Confecci\u00f3n y Dep\u00f3sito de Cuentas Anuales y Libros Contables<\/li>\n<li>Cambios de Sede Social<\/li>\n<li>Domiciliaci\u00f3n de Sociedades<\/li>\n<li>Contratos Mercantiles<\/li>\n<\/ul>\n","protected":false},"excerpt":{"rendered":"<p>Constituci\u00f3n de Sociedades, tr\u00e1mites e Impuestos relacionados Legalizaci\u00f3n y Actualizaci\u00f3n de Sociedades Compra Venta, absorci\u00f3n y fusi\u00f3n Confecci\u00f3n y Dep\u00f3sito de Cuentas Anuales y Libros Contables Cambios de Sede Social Domiciliaci\u00f3n de Sociedades Contratos Mercantiles<\/p>\n","protected":false},"author":1,"featured_media":0,"parent":0,"menu_order":0,"comment_status":"closed","ping_status":"closed","template":"","meta":[],"_links":{"self":[{"href":"http:\/\/fpasociados.com\/index.php?rest_route=\/wp\/v2\/pages\/35"}],"collection":[{"href":"http:\/\/fpasociados.com\/index.php?rest_route=\/wp\/v2\/pages"}],"about":[{"href":"http:\/\/fpasociados.com\/index.php?rest_route=\/wp\/v2\/types\/page"}],"author":[{"embeddable":true,"href":"http:\/\/fpasociados.com\/index.php?rest_route=\/wp\/v2\/users\/1"}],"replies":[{"embeddable":true,"href":"http:\/\/fpasociados.com\/index.php?rest_route=%2Fwp%2Fv2%2Fcomments&post=35"}],"version-history":[{"count":4,"href":"http:\/\/fpasociados.com\/index.php?rest_route=\/wp\/v2\/pages\/35\/revisions"}],"predecessor-version":[{"id":146,"href":"http:\/\/fpasociados.com\/index.php?rest_route=\/wp\/v2\/pages\/35\/revisions\/146"}],"wp:attachment":[{"href":"http:\/\/fpasociados.com\/index.php?rest_route=%2Fwp%2Fv2%2Fmedia&parent=35"}],"curies":[{"name":"wp","href":"https:\/\/api.w.org\/{rel}","templated":true}]}}