{"id":37,"date":"2017-10-14T17:55:55","date_gmt":"2017-10-14T17:55:55","guid":{"rendered":"http:\/\/fpasociados.com\/wordpress\/?page_id=37"},"modified":"2017-10-29T19:23:29","modified_gmt":"2017-10-29T18:23:29","slug":"juridico","status":"publish","type":"page","link":"http:\/\/fpasociados.com\/?page_id=37","title":{"rendered":"JUR\u00cdDICO"},"content":{"rendered":"<ul>\n<li>Procedimientos en la Jurisdicci\u00f3n Laboral<\/li>\n<li>Procedimientos Judiciales por Accidentes de Tr\u00e1fico y Siniestros Diversos<\/li>\n<li>Reclamaciones Judiciales de Deudas<\/li>\n<li>Procedimientos Judiciales en materia de Familia<\/li>\n<li>Divisi\u00f3n Judicial de Patrimonios<\/li>\n<\/ul>\n","protected":false},"excerpt":{"rendered":"<p>Procedimientos en la Jurisdicci\u00f3n Laboral Procedimientos Judiciales por Accidentes de Tr\u00e1fico y Siniestros Diversos Reclamaciones Judiciales de Deudas Procedimientos Judiciales en materia de Familia Divisi\u00f3n Judicial de Patrimonios<\/p>\n","protected":false},"author":1,"featured_media":0,"parent":0,"menu_order":0,"comment_status":"closed","ping_status":"closed","template":"","meta":[],"_links":{"self":[{"href":"http:\/\/fpasociados.com\/index.php?rest_route=\/wp\/v2\/pages\/37"}],"collection":[{"href":"http:\/\/fpasociados.com\/index.php?rest_route=\/wp\/v2\/pages"}],"about":[{"href":"http:\/\/fpasociados.com\/index.php?rest_route=\/wp\/v2\/types\/page"}],"author":[{"embeddable":true,"href":"http:\/\/fpasociados.com\/index.php?rest_route=\/wp\/v2\/users\/1"}],"replies":[{"embeddable":true,"href":"http:\/\/fpasociados.com\/index.php?rest_route=%2Fwp%2Fv2%2Fcomments&post=37"}],"version-history":[{"count":3,"href":"http:\/\/fpasociados.com\/index.php?rest_route=\/wp\/v2\/pages\/37\/revisions"}],"predecessor-version":[{"id":147,"href":"http:\/\/fpasociados.com\/index.php?rest_route=\/wp\/v2\/pages\/37\/revisions\/147"}],"wp:attachment":[{"href":"http:\/\/fpasociados.com\/index.php?rest_route=%2Fwp%2Fv2%2Fmedia&parent=37"}],"curies":[{"name":"wp","href":"https:\/\/api.w.org\/{rel}","templated":true}]}}