{"id":39,"date":"2017-10-14T17:56:18","date_gmt":"2017-10-14T17:56:18","guid":{"rendered":"http:\/\/fpasociados.com\/wordpress\/?page_id=39"},"modified":"2017-10-29T19:22:01","modified_gmt":"2017-10-29T18:22:01","slug":"laboral","status":"publish","type":"page","link":"http:\/\/fpasociados.com\/?page_id=39","title":{"rendered":"LABORAL"},"content":{"rendered":"<ul>\n<li>Consultor\u00eda y Planificaci\u00f3n Laboral<\/li>\n<li>Gesti\u00f3n de N\u00f3minas<\/li>\n<li>Contrataci\u00f3n laboral y mercantil<\/li>\n<li>Sanciones. R\u00e9gimen disciplinario Laboral<\/li>\n<li>Incapacidades<\/li>\n<li>Pensiones<\/li>\n<li>Empleadas de Hogar, Artistas y otros reg\u00edmenes Especiales<\/li>\n<li>Procedimientos Judiciales y Conciliaciones en el SMAC<\/li>\n<li>Expedientes de Regulaci\u00f3n de Empleo. ERES<\/li>\n<li>Extranjer\u00eda<\/li>\n<li>Recursos contra la Administraci\u00f3n<\/li>\n<li>Asesoramiento y Asistencia en Inspecciones de Trabajo<\/li>\n<li>Auditor\u00eda Laboral<\/li>\n<\/ul>\n","protected":false},"excerpt":{"rendered":"<p>Consultor\u00eda y Planificaci\u00f3n Laboral Gesti\u00f3n de N\u00f3minas Contrataci\u00f3n laboral y mercantil Sanciones. R\u00e9gimen disciplinario Laboral Incapacidades Pensiones Empleadas de Hogar, Artistas y otros reg\u00edmenes Especiales Procedimientos Judiciales y Conciliaciones en el SMAC Expedientes de Regulaci\u00f3n de Empleo. ERES Extranjer\u00eda Recursos contra la Administraci\u00f3n Asesoramiento y Asistencia en Inspecciones de Trabajo Auditor\u00eda Laboral<\/p>\n","protected":false},"author":1,"featured_media":0,"parent":0,"menu_order":0,"comment_status":"closed","ping_status":"closed","template":"","meta":[],"_links":{"self":[{"href":"http:\/\/fpasociados.com\/index.php?rest_route=\/wp\/v2\/pages\/39"}],"collection":[{"href":"http:\/\/fpasociados.com\/index.php?rest_route=\/wp\/v2\/pages"}],"about":[{"href":"http:\/\/fpasociados.com\/index.php?rest_route=\/wp\/v2\/types\/page"}],"author":[{"embeddable":true,"href":"http:\/\/fpasociados.com\/index.php?rest_route=\/wp\/v2\/users\/1"}],"replies":[{"embeddable":true,"href":"http:\/\/fpasociados.com\/index.php?rest_route=%2Fwp%2Fv2%2Fcomments&post=39"}],"version-history":[{"count":4,"href":"http:\/\/fpasociados.com\/index.php?rest_route=\/wp\/v2\/pages\/39\/revisions"}],"predecessor-version":[{"id":145,"href":"http:\/\/fpasociados.com\/index.php?rest_route=\/wp\/v2\/pages\/39\/revisions\/145"}],"wp:attachment":[{"href":"http:\/\/fpasociados.com\/index.php?rest_route=%2Fwp%2Fv2%2Fmedia&parent=39"}],"curies":[{"name":"wp","href":"https:\/\/api.w.org\/{rel}","templated":true}]}}